{"id":69,"date":"2017-01-13T10:33:02","date_gmt":"2017-01-13T05:33:02","guid":{"rendered":"http:\/\/www.365pymes.com\/web\/?page_id=69"},"modified":"2017-01-13T23:00:13","modified_gmt":"2017-01-13T18:00:13","slug":"impuestos-super-de-companias","status":"publish","type":"page","link":"https:\/\/www.365pymes.com\/web\/?page_id=69","title":{"rendered":"Obligaciones Persona Jur\u00eddica (SRI, IESS y Super Compa\u00f1\u00edas)"},"content":{"rendered":"<p><span style=\"color: #0000ff;\"><strong>Listado de Obligaciones\u00a0Personal\u00a0Jur\u00eddica S.R.I. [EC].- <\/strong><\/span>Declaraciones de impuestos como usando su RUC de\u00a0<i>compa\u00f1\u00eda<\/i>:<strong><br \/>\n<\/strong><\/p>\n<ul>\n<li>Formularios 103 Retenciones en la Fuente .<\/li>\n<li>Formularios 104 Declaraci\u00f3n del Impuesto al Valor Agregado I.V.A.<\/li>\n<li>Formularios 101 Declaraci\u00f3n del Impuesto a la Renta.<\/li>\n<li>Anexos Transaccionales (ATS).<\/li>\n<li>Impuesto en Relaci\u00f3n de Dependencia.<\/li>\n<li>Anexo de Accionistas<\/li>\n<li><\/li>\n<\/ul>\n<p><span><strong><span style=\"color: #0000ff;\">Listado de Obligaciones\u00a0Personal\u00a0Jur\u00eddica Super Compa\u00f1\u00edas\u00a0[EC].- <\/span><\/strong><\/span>Recuerde que su empresa (Personas Jur\u00eddica) tiene obligaciones y las principales son las siguientes:<\/p>\n<ul class=\"font_8\">\n<li>\n<p class=\"font_8\">Presentaci\u00f3n de Balances Anuales (F\u00edsicos y V\u00eda Magn\u00e9tica).<\/p>\n<\/li>\n<li>\n<p class=\"font_8\">Informe de Gerencia.<\/p>\n<\/li>\n<li>\n<p class=\"font_8\">Informe de Comisario.<\/p>\n<\/li>\n<li>\n<p class=\"font_8\">Pago de impuesto anual.<\/p>\n<\/li>\n<\/ul>\n","protected":false},"excerpt":{"rendered":"<p>Listado de Obligaciones\u00a0Personal\u00a0Jur\u00eddica S.R.I. [EC].- Declaraciones de impuestos como usando su RUC de\u00a0compa\u00f1\u00eda: Formularios 103 Retenciones en la Fuente . Formularios 104 Declaraci\u00f3n del Impuesto al Valor Agregado I.V.A. Formularios 101 Declaraci\u00f3n del Impuesto a la Renta. Anexos Transaccionales (ATS).<\/p>\n","protected":false},"author":1,"featured_media":0,"parent":0,"menu_order":0,"comment_status":"closed","ping_status":"closed","template":"","meta":{"footnotes":""},"_links":{"self":[{"href":"https:\/\/www.365pymes.com\/web\/index.php?rest_route=\/wp\/v2\/pages\/69"}],"collection":[{"href":"https:\/\/www.365pymes.com\/web\/index.php?rest_route=\/wp\/v2\/pages"}],"about":[{"href":"https:\/\/www.365pymes.com\/web\/index.php?rest_route=\/wp\/v2\/types\/page"}],"author":[{"embeddable":true,"href":"https:\/\/www.365pymes.com\/web\/index.php?rest_route=\/wp\/v2\/users\/1"}],"replies":[{"embeddable":true,"href":"https:\/\/www.365pymes.com\/web\/index.php?rest_route=%2Fwp%2Fv2%2Fcomments&post=69"}],"version-history":[{"count":6,"href":"https:\/\/www.365pymes.com\/web\/index.php?rest_route=\/wp\/v2\/pages\/69\/revisions"}],"predecessor-version":[{"id":124,"href":"https:\/\/www.365pymes.com\/web\/index.php?rest_route=\/wp\/v2\/pages\/69\/revisions\/124"}],"wp:attachment":[{"href":"https:\/\/www.365pymes.com\/web\/index.php?rest_route=%2Fwp%2Fv2%2Fmedia&parent=69"}],"curies":[{"name":"wp","href":"https:\/\/api.w.org\/{rel}","templated":true}]}}