{"id":171,"date":"2019-03-22T21:37:04","date_gmt":"2019-03-22T16:37:04","guid":{"rendered":"http:\/\/www.365pymes.com\/web\/?page_id=171"},"modified":"2019-03-22T21:37:04","modified_gmt":"2019-03-22T16:37:04","slug":"servicios-de-recursos-humanos","status":"publish","type":"page","link":"https:\/\/www.365pymes.com\/web\/?page_id=171","title":{"rendered":"Servicios de Recursos Humanos."},"content":{"rendered":"<div class=\"column mcb-column one column_column  column-margin-\">\n<div class=\"column_attr clearfix align_justify\">\n<h4>Brindar Soluciones Efectivas para nuestros clientes basado en un enfoque estrat\u00e9gico como:<\/h4>\n<h5>\u2022 Nivel de comportamiento social<br \/>\n\u2022 Nivel de comportamiento organizacional<br \/>\n\u2022 Nivel de comportamiento individual<\/h5>\n<\/div>\n<\/div>\n<div class=\"column mcb-column one column_divider \">\n<hr class=\"no_line\" \/>\n<\/div>\n<div class=\"column mcb-column one column_column  column-margin-\">\n<div class=\"column_attr clearfix align_left\">\n<h5>o Reclutamiento y Selecci\u00f3n<br \/>\no Evaluaci\u00f3n del Personal<br \/>\no Implementaci\u00f3n de estilos de trabajo<br \/>\no Pol\u00edticas de remuneraci\u00f3n y beneficios; componentes monetarios y no monetarios<br \/>\no Asesor\u00eda y manejo de administraci\u00f3n de sueldos y salarios (n\u00f3mina)<br \/>\no Procesos de Reclutamiento y Selecci\u00f3n<br \/>\no Clarificaci\u00f3n o descripci\u00f3n de cargos<br \/>\no Valoraci\u00f3n de cargos<br \/>\no Dise\u00f1o de la estructura salarial<br \/>\no Determinaci\u00f3n de tasas de rotaci\u00f3n de empleados<br \/>\no Programa integral de reducci\u00f3n y prevenci\u00f3n del uso y consumo de drogas<br \/>\no Instituto ecuatoriano de seguridad social y procesos<br \/>\no Ministerio del Trabajo y procesos<br \/>\no Trabajo social<\/h5>\n<\/div>\n<\/div>\n","protected":false},"excerpt":{"rendered":"<p>Brindar Soluciones Efectivas para nuestros clientes basado en un enfoque estrat\u00e9gico como: \u2022 Nivel de comportamiento social \u2022 Nivel de comportamiento organizacional \u2022 Nivel de comportamiento individual o Reclutamiento y Selecci\u00f3n o Evaluaci\u00f3n del Personal o Implementaci\u00f3n de estilos de<\/p>\n","protected":false},"author":1,"featured_media":0,"parent":0,"menu_order":0,"comment_status":"closed","ping_status":"closed","template":"","meta":{"footnotes":""},"_links":{"self":[{"href":"https:\/\/www.365pymes.com\/web\/index.php?rest_route=\/wp\/v2\/pages\/171"}],"collection":[{"href":"https:\/\/www.365pymes.com\/web\/index.php?rest_route=\/wp\/v2\/pages"}],"about":[{"href":"https:\/\/www.365pymes.com\/web\/index.php?rest_route=\/wp\/v2\/types\/page"}],"author":[{"embeddable":true,"href":"https:\/\/www.365pymes.com\/web\/index.php?rest_route=\/wp\/v2\/users\/1"}],"replies":[{"embeddable":true,"href":"https:\/\/www.365pymes.com\/web\/index.php?rest_route=%2Fwp%2Fv2%2Fcomments&post=171"}],"version-history":[{"count":1,"href":"https:\/\/www.365pymes.com\/web\/index.php?rest_route=\/wp\/v2\/pages\/171\/revisions"}],"predecessor-version":[{"id":172,"href":"https:\/\/www.365pymes.com\/web\/index.php?rest_route=\/wp\/v2\/pages\/171\/revisions\/172"}],"wp:attachment":[{"href":"https:\/\/www.365pymes.com\/web\/index.php?rest_route=%2Fwp%2Fv2%2Fmedia&parent=171"}],"curies":[{"name":"wp","href":"https:\/\/api.w.org\/{rel}","templated":true}]}}